{"id":365,"date":"2017-12-10T18:28:32","date_gmt":"2017-12-10T16:28:32","guid":{"rendered":"http:\/\/www.astra.formas.fi\/dammenbrister\/?page_id=365"},"modified":"2017-12-10T22:08:20","modified_gmt":"2017-12-10T20:08:20","slug":"vi-stoder","status":"publish","type":"page","link":"https:\/\/www.astra.formas.fi\/dammenbrister\/vi-stoder\/","title":{"rendered":"Vi st\u00f6der"},"content":{"rendered":"<p><strong>#memy\u00f6s<\/strong><\/p>\n<p>L\u00e4s mer och skriv under uppropet\u00a0<a href=\"http:\/\/www.memyos.fi\/about\/\">h\u00e4r<\/a>.<\/p>\n<p><strong>#mill\u00e4oikeudella<\/strong><\/p>\n<p>L\u00e4s mer och skriv under uppropet\u00a0<a href=\"https:\/\/millaoikeudella.tumblr.com\/\">h\u00e4r<\/a>.<\/p>\n<p><strong>#bakomkulisserna\u00a0#kulissientakana<\/strong><\/p>\n<p>L\u00e4s mer\u00a0<a href=\"https:\/\/svenska.yle.fi\/artikel\/2017\/12\/01\/kulturbranschens-kvinnor-har-fatt-nog-kraver-stopp-for-trakasserier-och-overgrepp\">h\u00e4r<\/a>.<\/p>\n<p><strong>#\u00c5landocks\u00e5<\/strong><\/p>\n<p>L\u00e4s mer\u00a0<a href=\"https:\/\/metooax.wordpress.com\/\">h\u00e4r<\/a>.<\/p>\n<p><strong>#\u00f6vistoo<\/strong><\/p>\n<p>L\u00e4s mer\u00a0<a href=\"https:\/\/svenska.yle.fi\/artikel\/2017\/11\/28\/oviselever-vittnar-om-sexuella-trakasserier\">h\u00e4r<\/a>.<\/p>\n<p><strong>#L\u00e4\u00e4ppij\u00e4t<\/strong><\/p>\n<p>L\u00e4s mer\u00a0<a href=\"https:\/\/helfemhki.wordpress.com\/laappijat-ei-uusi-ilmio\/\">h\u00e4r<\/a>.<\/p>\n","protected":false},"excerpt":{"rendered":"<p>#memy\u00f6s L\u00e4s mer och skriv under uppropet\u00a0h\u00e4r. #mill\u00e4oikeudella L\u00e4s mer och skriv under uppropet\u00a0h\u00e4r. #bakomkulisserna\u00a0#kulissientakana L\u00e4s mer\u00a0h\u00e4r. #\u00c5landocks\u00e5 L\u00e4s mer\u00a0h\u00e4r. #\u00f6vistoo L\u00e4s mer\u00a0h\u00e4r. #L\u00e4\u00e4ppij\u00e4t L\u00e4s mer\u00a0h\u00e4r.<\/p>\n","protected":false},"author":3,"featured_media":0,"parent":0,"menu_order":0,"comment_status":"closed","ping_status":"closed","template":"","meta":{"episode_type":"","audio_file":"","cover_image":"","cover_image_id":"","duration":"","filesize":"","date_recorded":"","explicit":"","block":"","filesize_raw":"","footnotes":""},"_links":{"self":[{"href":"https:\/\/www.astra.formas.fi\/dammenbrister\/wp-json\/wp\/v2\/pages\/365"}],"collection":[{"href":"https:\/\/www.astra.formas.fi\/dammenbrister\/wp-json\/wp\/v2\/pages"}],"about":[{"href":"https:\/\/www.astra.formas.fi\/dammenbrister\/wp-json\/wp\/v2\/types\/page"}],"author":[{"embeddable":true,"href":"https:\/\/www.astra.formas.fi\/dammenbrister\/wp-json\/wp\/v2\/users\/3"}],"replies":[{"embeddable":true,"href":"https:\/\/www.astra.formas.fi\/dammenbrister\/wp-json\/wp\/v2\/comments?post=365"}],"version-history":[{"count":7,"href":"https:\/\/www.astra.formas.fi\/dammenbrister\/wp-json\/wp\/v2\/pages\/365\/revisions"}],"predecessor-version":[{"id":375,"href":"https:\/\/www.astra.formas.fi\/dammenbrister\/wp-json\/wp\/v2\/pages\/365\/revisions\/375"}],"wp:attachment":[{"href":"https:\/\/www.astra.formas.fi\/dammenbrister\/wp-json\/wp\/v2\/media?parent=365"}],"curies":[{"name":"wp","href":"https:\/\/api.w.org\/{rel}","templated":true}]}}